{"id":29848,"date":"2024-09-23T17:09:53","date_gmt":"2024-09-23T15:09:53","guid":{"rendered":"https:\/\/swisstastic.ch\/?page_id=29848"},"modified":"2026-05-05T14:58:52","modified_gmt":"2026-05-05T12:58:52","slug":"datenschutz","status":"publish","type":"page","link":"https:\/\/swisstastic.ch\/de\/protection-des-donnees\/","title":{"rendered":"Datenschutz"},"content":{"rendered":"<p>[et_pb_section fb_built=\u00a0\u00bb1&Prime; _builder_version=\u00a0\u00bb4.27.0&Prime; _module_preset=\u00a0\u00bbdefault\u00a0\u00bb custom_padding=\u00a0\u00bb6rem||||false|false\u00a0\u00bb da_disable_devices=\u00a0\u00bboff|off|off\u00a0\u00bb global_colors_info=\u00a0\u00bb{}\u00a0\u00bb da_is_popup=\u00a0\u00bboff\u00a0\u00bb da_exit_intent=\u00a0\u00bboff\u00a0\u00bb da_has_close=\u00a0\u00bbon\u00a0\u00bb da_alt_close=\u00a0\u00bboff\u00a0\u00bb da_dark_close=\u00a0\u00bboff\u00a0\u00bb da_not_modal=\u00a0\u00bbon\u00a0\u00bb da_is_singular=\u00a0\u00bboff\u00a0\u00bb da_with_loader=\u00a0\u00bboff\u00a0\u00bb da_has_shadow=\u00a0\u00bbon\u00a0\u00bb][et_pb_row _builder_version=\u00a0\u00bb4.27.0&Prime; _module_preset=\u00a0\u00bbdefault\u00a0\u00bb global_colors_info=\u00a0\u00bb{}\u00a0\u00bb][et_pb_column type=\u00a0\u00bb4_4&Prime; _builder_version=\u00a0\u00bb4.27.0&Prime; _module_preset=\u00a0\u00bbdefault\u00a0\u00bb global_colors_info=\u00a0\u00bb{}\u00a0\u00bb][et_pb_text _builder_version=\u00a0\u00bb4.27.0&Prime; _module_preset=\u00a0\u00bbdefault\u00a0\u00bb text_font=\u00a0\u00bbModerustic &#8211; Medium||||||||\u00a0\u00bb text_font_size=\u00a0\u00bb1rem\u00a0\u00bb header_font=\u00a0\u00bbModerustic &#8211; Semi Bold||||||||\u00a0\u00bb header_font_size=\u00a0\u00bb1.5rem\u00a0\u00bb header_2_font=\u00a0\u00bbModerustic &#8211; Semi Bold||||||||\u00a0\u00bb header_2_font_size=\u00a0\u00bb1.4rem\u00a0\u00bb header_3_font=\u00a0\u00bbModerustic &#8211; Semi Bold||||||||\u00a0\u00bb header_3_font_size=\u00a0\u00bb1.3rem\u00a0\u00bb header_4_font=\u00a0\u00bbModerustic &#8211; Semi Bold||||||||\u00a0\u00bb text_font_size_tablet=\u00a0\u00bb16px\u00a0\u00bb text_font_size_phone=\u00a0\u00bb1rem\u00a0\u00bb text_font_size_last_edited=\u00a0\u00bbon|phone\u00a0\u00bb header_font_size_tablet=\u00a0\u00bb\u00a0\u00bb header_font_size_phone=\u00a0\u00bb18px\u00a0\u00bb header_font_size_last_edited=\u00a0\u00bbon|phone\u00a0\u00bb header_2_font_size_tablet=\u00a0\u00bb\u00a0\u00bb header_2_font_size_phone=\u00a0\u00bb18px\u00a0\u00bb header_2_font_size_last_edited=\u00a0\u00bbon|desktop\u00a0\u00bb header_3_font_size_tablet=\u00a0\u00bb\u00a0\u00bb header_3_font_size_phone=\u00a0\u00bb18px\u00a0\u00bb header_3_font_size_last_edited=\u00a0\u00bbon|phone\u00a0\u00bb global_colors_info=\u00a0\u00bb{}\u00a0\u00bb]<\/p>\n<h1>Politique de confidentialit\u00e9<\/h1>\n<p>La Soci\u00e9t\u00e9 Swisstastic S\u00e0rl (ci-apr\u00e8s \u00ab la Soci\u00e9t\u00e9 \u00bb), dont le si\u00e8ge social est situ\u00e9 \u00e0 r<span>ue du Closel 9, <\/span><span>2074 Marin. <\/span><span>Suisse<\/span>, est la propri\u00e9taire de la marque Swisstastic et l&rsquo;op\u00e9rateur de ce site web, accessible via https:\/\/swisstastic.ch, et le fournisseur des services et\/ou produits offerts et d\u00e9crits sur ce site web.<\/p>\n<p>La Soci\u00e9t\u00e9 est responsable de la collecte, du traitement et de l&rsquo;utilisation de vos donn\u00e9es et doit veiller \u00e0 ce qu&rsquo;elles soient conformes au droit suisse et, le cas \u00e9ch\u00e9ant, au droit europ\u00e9en applicable.<\/p>\n<p>Nous prenons la protection de vos donn\u00e9es personnelles tr\u00e8s au s\u00e9rieux. Nous traitons vos donn\u00e9es personnelles de mani\u00e8re confidentielle et conform\u00e9ment aux dispositions l\u00e9gales en vigueur et \u00e0 la pr\u00e9sente d\u00e9claration de protection des donn\u00e9es. Nous vous informons ci-apr\u00e8s sur les donn\u00e9es qui sont collect\u00e9es sur ce site web et sur la mani\u00e8re dont elles sont utilis\u00e9es. Vous d\u00e9couvrirez \u00e9galement comment v\u00e9rifier l&rsquo;exactitude de ces informations et comment vous pouvez faire en sorte que nous supprimions ces donn\u00e9es.<\/p>\n<p>En coop\u00e9ration avec nos fournisseurs d&rsquo;h\u00e9bergement (\u00ab\u00a0hosting providers\u00a0\u00bb), nous faisons tout notre possible pour prot\u00e9ger les bases de donn\u00e9es contre l&rsquo;acc\u00e8s non autoris\u00e9, la perte, l&rsquo;utilisation abusive ou la falsification. Nous tenons \u00e0 souligner que la transmission de donn\u00e9es sur Internet (par exemple, la communication par courrier \u00e9lectronique) peut pr\u00e9senter des lacunes en mati\u00e8re de s\u00e9curit\u00e9. Une protection compl\u00e8te des donn\u00e9es contre l&rsquo;acc\u00e8s par des tiers n&rsquo;est de fait pas possible.<\/p>\n<p>En utilisant ce site web, vous acceptez la collecte, le traitement et l&rsquo;utilisation des donn\u00e9es selon ce qui est indiqu\u00e9 ici. Ce site web peut en principe \u00eatre consult\u00e9 sans inscription. Les donn\u00e9es telles que les pages visit\u00e9es ou le nom du fichier consult\u00e9, la date et l&rsquo;heure sont stock\u00e9es sur le serveur \u00e0 des fins statistiques sans que ces donn\u00e9es soient directement li\u00e9es \u00e0 votre personne. Les donn\u00e9es \u00e0 caract\u00e8re personnel, notamment le nom, l&rsquo;adresse ou l&rsquo;adresse \u00e9lectronique, sont, dans la mesure du possible, recueillies sur une base volontaire. Vos donn\u00e9es seront transmises \u00e0 nos partenaires (tiers) uniquement dans la mesure o\u00f9 le traitement de vos commandes le rendra n\u00e9cessaire.<\/p>\n<p>&nbsp;<\/p>\n<h2>CHAMP D&rsquo;APPLICATION<\/h2>\n<p>Les donn\u00e9es personnelles sont toutes les informations qui se rapportent \u00e0 une personne identifi\u00e9e ou identifiable. Une personne concern\u00e9e est une personne au sujet de laquelle des donn\u00e9es \u00e0 caract\u00e8re personnel sont trait\u00e9es. Le traitement comprend tout traitement de donn\u00e9es \u00e0 caract\u00e8re personnel, quels que soient les moyens et proc\u00e9dures utilis\u00e9s, notamment le stockage, la communication, l&rsquo;obtention, la suppression, la conservation, la modification, la destruction et l&rsquo;utilisation de donn\u00e9es \u00e0 caract\u00e8re personnel.<\/p>\n<p>&nbsp;<\/p>\n<h2>COLLECTE, UTILISATION ET TRAITEMENT DES DONN\u00c9ES PERSONNELLES<\/h2>\n<p>Lorsque vous visitez ce site web, certaines donn\u00e9es sont automatiquement stock\u00e9es sur nos serveurs ou sur les serveurs des services et produits que nous utilisons et\/ou avons install\u00e9s, \u00e0 des fins d&rsquo;administration du syst\u00e8me, \u00e0 des fins statistiques ou de sauvegarde ou \u00e0 des fins de suivi. Ces donn\u00e9es peuvent comprendre les \u00e9l\u00e9ments suivants :<\/p>\n<ul>\n<li>le nom de votre fournisseur de services internet<\/li>\n<li>votre adresse IP (dans certaines circonstances)<\/li>\n<li>la version de votre navigateur<\/li>\n<li>le syst\u00e8me d&rsquo;exploitation de l&rsquo;ordinateur avec lequel ce site web a \u00e9t\u00e9 consult\u00e9<\/li>\n<li>la date<\/li>\n<li>l&rsquo;heure<\/li>\n<li>le site web \u00e0 partir duquel vous visitez ce site<\/li>\n<li>les mots de recherche que vous avez utilis\u00e9s pour trouver notre site web<\/li>\n<\/ul>\n<p>Ces donn\u00e9es peuvent selon les circonstances permettre de tirer des conclusions sur un visiteur particulier. Toutefois, les donn\u00e9es personnelles ne seront pas exploit\u00e9es dans ce contexte.<\/p>\n<p>&nbsp;<\/p>\n<h2>Ex\u00e9cution et traitement des commandes<\/h2>\n<p>Lorsque vous commandez nos services ou produits, nous recueillons et utilisons des donn\u00e9es personnelles vous concernant, telles que vos nom et pr\u00e9nom, adresse postale, adresse \u00e9lectronique, d\u00e9tails de paiement et \u00e9ventuellement d&rsquo;autres donn\u00e9es telles que num\u00e9ros de t\u00e9l\u00e9phone ou date de naissance, ainsi que toutes les donn\u00e9es que vous avez volontairement saisies. Vos donn\u00e9es peuvent \u00e9galement \u00eatre enrichies avec des donn\u00e9es acquises aupr\u00e8s de tiers.<\/p>\n<p>En commandant nos services ou produits et en saisissant vos donn\u00e9es sur notre site web, vous consentez \u00e0 l&rsquo;utilisation des donn\u00e9es que vous avez saisies \u00e0 des fins de service.<\/p>\n<p>&nbsp;<\/p>\n<h2>Communication de vos donn\u00e9es \u00e0 des tiers<\/h2>\n<p>Vos donn\u00e9es seront transmises \u00e0 nos partenaires (tiers) uniquement dans la mesure o\u00f9 le traitement de vos commandes le rendra n\u00e9cessaire. Si nous transmettons des donn\u00e9es \u00e0 des prestataires de services externes, des mesures techniques et organisationnelles sont prises pour garantir que le transfert soit conforme aux dispositions l\u00e9gales en mati\u00e8re de protection des donn\u00e9es. Si vous nous fournissez de votre plein gr\u00e9 des donn\u00e9es personnelles ou relatives \u00e0 votre entreprise, nous n&rsquo;utiliserons, ne traiterons ni ne transmettrons ces donn\u00e9es au-del\u00e0 du champ d&rsquo;application autoris\u00e9 par la loi. Nous ne transmettons vos donn\u00e9es \u00e0 des prestataires de services externes que dans la mesure o\u00f9 cela est n\u00e9cessaire \u00e0 l&rsquo;ex\u00e9cution du contrat. En outre, nous ne transmettons vos donn\u00e9es que si nous y sommes oblig\u00e9s par la loi, une ordonnance officielle ou une d\u00e9cision de justice.<\/p>\n<p>&nbsp;<\/p>\n<h2>Cookies<\/h2>\n<p>Nous utilisons habituellement des cookies sur notre site web. Il s&rsquo;agit de petits fichiers texte qui sont enregistr\u00e9s par votre navigateur web et qui stockent certains param\u00e8tres et donn\u00e9es pour l&rsquo;\u00e9change avec notre serveur web. Cette technologie permet de reconna\u00eetre les utilisateurs individuels comme des visiteurs (de retour) et de leur offrir des services et des produits personnalis\u00e9s. En g\u00e9n\u00e9ral, l&rsquo;utilisation de cookies sert \u00e0 am\u00e9liorer nos services, \u00e0 les rendre plus efficaces et plus s\u00fbrs. Ces cookies peuvent \u00e9galement \u00eatre n\u00e9cessaires, par exemple, pour g\u00e9rer des paniers d&rsquo;achats ou les paiements. Un cookie ne signifie pas toujours que nous pouvons vous identifier.<\/p>\n<p>Vous pouvez configurer les param\u00e8tres de votre navigateur de mani\u00e8re \u00e0 ce qu&rsquo;aucun cookie ne soit stock\u00e9 sur votre ordinateur. La d\u00e9sactivation compl\u00e8te des cookies peut signifier que vous ne pourrez pas utiliser toutes les fonctionnalit\u00e9s de notre site web.<\/p>\n<p>En continuant \u00e0 utiliser notre site web et\/ou en acceptant la pr\u00e9sente d\u00e9claration de protection des donn\u00e9es, vous consentez \u00e0 ce que nous placions des cookies et donc \u00e0 la collecte, au stockage et \u00e0 l&rsquo;utilisation de donn\u00e9es personnelles d&rsquo;utilisation, m\u00eame apr\u00e8s la fin de la session de navigation. Vous pouvez r\u00e9voquer ce consentement \u00e0 tout moment en activant le param\u00e8tre par d\u00e9faut du navigateur pour refuser les cookies de tiers.<\/p>\n<p>&nbsp;<\/p>\n<h2>Newsletter<\/h2>\n<p>Si vous vous inscrivez \u00e0 notre newsletter, vous acceptez que nous utilisions les donn\u00e9es que vous nous communiquez, telles que vos nom et pr\u00e9nom, adresse postale, adresse email et toutes les donn\u00e9es que vous avez volontairement saisies dans votre profil d&rsquo;utilisateur, pour vous envoyer la newsletter. Vous pouvez r\u00e9voquer ce consentement \u00e0 tout moment pour le futur en vous d\u00e9sabonnant de la newsletter.<\/p>\n<p>&nbsp;<\/p>\n<h2>Outils analytiques: Google Analytics<\/h2>\n<p>Ce site web peut utiliser Google Analytics, un service d&rsquo;analyse web fourni par Google Inc. 1600 Amphitheatre Parkway, Mountain View, CA 94043, USA. Google Analytics utilise des cookies, qui sont des fichiers texte plac\u00e9s sur votre navigateur web, pour aider le site web \u00e0 analyser l&rsquo;utilisation du site par ses utilisateurs (voir Cookies ci-dessus). Les informations g\u00e9n\u00e9r\u00e9es par les cookies (type\/version de navigateur, syst\u00e8me d&rsquo;exploitation utilis\u00e9, URL de r\u00e9f\u00e9rence du site web visit\u00e9 pr\u00e9c\u00e9demment, adresse IP, heure de la connexion au serveur) concernant votre utilisation de ce site web sont g\u00e9n\u00e9ralement transf\u00e9r\u00e9es \u00e0 un serveur de Google aux \u00c9tats-Unis et y sont stock\u00e9es. Toutefois, si l&rsquo;anonymat IP est activ\u00e9 sur notre site web, votre adresse IP sera raccourcie par Google dans les \u00c9tats membres de l&rsquo;Union europ\u00e9enne ou dans d&rsquo;autres \u00c9tats parties \u00e0 l&rsquo;accord sur l&rsquo;Espace \u00e9conomique europ\u00e9en.<\/p>\n<p>Ce n&rsquo;est que dans des cas exceptionnels que l&rsquo;adresse IP compl\u00e8te est transf\u00e9r\u00e9e \u00e0 un serveur de Google aux \u00c9tats-Unis et y est raccourcie. Google utilisera cette information dans le but d&rsquo;\u00e9valuer votre utilisation du site, de compiler des rapports sur l&rsquo;activit\u00e9 du site \u00e0 destination de son op\u00e9rateur et de fournir d&rsquo;autres services relatifs \u00e0 l&rsquo;activit\u00e9 du site et \u00e0 l&rsquo;utilisation d&rsquo;Internet. Google peut \u00e9galement transf\u00e9rer ces informations \u00e0 des tiers lorsque la loi l&rsquo;exige ou lorsque ces tiers traitent les informations pour le compte de Google. L&rsquo;adresse IP transmise par votre navigateur dans le cadre de Google Analytics n&rsquo;est pas combin\u00e9e avec d&rsquo;autres donn\u00e9es de Google.<\/p>\n<p>Vous pouvez refuser l&rsquo;utilisation de cookies en s\u00e9lectionnant les param\u00e8tres appropri\u00e9s de votre navigateur, mais veuillez noter que si vous le faites, vous risquez de ne pas pouvoir utiliser toutes les fonctionnalit\u00e9s de ce site web. En utilisant ce site web, vous acceptez le traitement des donn\u00e9es collect\u00e9es \u00e0 votre sujet par Google de la mani\u00e8re d\u00e9crite ci-dessus et dans le but susmentionn\u00e9. Vous trouverez de plus amples informations sur le service d&rsquo;analyse web utilis\u00e9 sur le site web de Google Analytics. Vous trouverez des instructions sur la mani\u00e8re d&#8217;emp\u00eacher le traitement de vos donn\u00e9es par le service d&rsquo;analyse web \u00e0 l&rsquo;adresse <a href=\"https:\/\/tools.google.com\/dlpage\/gaoptout?hl=fr\">https:\/\/tools.google.com\/dlpage\/gaoptout?hl=fr<\/a>.<\/p>\n<p>&nbsp;<\/p>\n<h2>\u200bPlug-in<\/h2>\n<p>Nous utilisons entre autres les plugins mentionn\u00e9s ci-dessous sur notre site web pour mieux faire conna\u00eetre notre entreprise (\u00e0 des fins publicitaires). La responsabilit\u00e9 du respect de la protection des donn\u00e9es incombe \u00e0 leurs fournisseurs respectifs. Le traitement des donn\u00e9es en rapport avec ces plug-ins est effectu\u00e9 avec votre consentement lorsque vous utilisez ces plug-ins.<\/p>\n<p>Si vous utilisez les services de ces r\u00e9seaux sociaux ind\u00e9pendamment ou en relation avec notre site web, les r\u00e9seaux sociaux \u00e9valueront votre utilisation des plug-ins. Dans ce cas, les informations sur le plug-in sont transmises aux r\u00e9seaux sociaux.<\/p>\n<p>&nbsp;<\/p>\n<h3>Facebook \/ Meta<\/h3>\n<p>Lorsque vous visitez notre site, le cookie pixel Facebook est activ\u00e9 et il collecte des informations telles que votre adresse IP, votre navigateur, votre type d&rsquo;appareil et vos actions sur notre site web, telles que les pages que vous consultez ou les actions que vous effectuez (par exemple, un achat ou une inscription \u00e0 notre newsletter).<\/p>\n<p>Ces informations sont utilis\u00e9es de mani\u00e8re anonyme et agr\u00e9g\u00e9e pour nous aider \u00e0 comprendre l&rsquo;efficacit\u00e9 de nos campagnes publicitaires sur Facebook et Meta, \u00e0 optimiser nos publicit\u00e9s et \u00e0 am\u00e9liorer votre exp\u00e9rience utilisateur. Le cookie pixel Facebook ne nous permet pas d&rsquo;identifier personnellement les utilisateurs ni d&rsquo;acc\u00e9der \u00e0 des informations personnelles sp\u00e9cifiques.<\/p>\n<p>Veuillez noter que Facebook peut \u00e9galement utiliser ces informations conform\u00e9ment \u00e0 sa propre politique de confidentialit\u00e9 et \u00e0 ses pratiques en mati\u00e8re de collecte et d&rsquo;utilisation des donn\u00e9es. Nous n&rsquo;avons pas de contr\u00f4le sur les activit\u00e9s de Facebook, mais nous veillons \u00e0 utiliser les fonctionnalit\u00e9s de suivi de mani\u00e8re responsable et en conformit\u00e9 avec les r\u00e9glementations applicables en mati\u00e8re de protection des donn\u00e9es.<\/p>\n<p>Si vous ne souhaitez pas que le cookie pixel Facebook collecte des informations vous concernant, vous pouvez d\u00e9sactiver les cookies ou modifier les param\u00e8tres de confidentialit\u00e9 de votre compte Facebook ou utiliser les param\u00e8tres de confidentialit\u00e9 de votre navigateur pour bloquer le suivi de Facebook.<\/p>\n<p>&nbsp;<\/p>\n<h2>VOS DROITS<\/h2>\n<p>Vous pouvez \u00e0 tout moment demander des informations sur les donn\u00e9es que nous avons enregistr\u00e9es vous concernant. Pour ce faire, nous vous prions d&rsquo;envoyer une demande d&rsquo;information par courrier \u00e9lectronique \u00e0 admin@swisstastic.ch. La demande doit \u00eatre accompagn\u00e9e d&rsquo;une preuve d&rsquo;identit\u00e9 envoy\u00e9e \u00e0 la m\u00eame adresse.<\/p>\n<p>Vous avez la possibilit\u00e9 de demander la suppression ou la correction de vos donn\u00e9es \u00e0 tout moment. Bien entendu, vous avez \u00e9galement le droit de r\u00e9voquer \u00e0 tout moment votre consentement \u00e0 l&rsquo;utilisation ou au traitement des donn\u00e9es \u00e0 caract\u00e8re personnel pour le futur.<\/p>\n<p>Les donn\u00e9es enregistr\u00e9es seront supprim\u00e9es par nos soins lorsqu&rsquo;elles ne seront plus n\u00e9cessaires pour l&rsquo;objectif indiqu\u00e9. En ce qui concerne la suppression des donn\u00e9es, il convient de noter que nous sommes soumis \u00e0 certaines obligations l\u00e9gales qui stipulent que certaines donn\u00e9es doivent \u00eatre conserv\u00e9es. Nous devons nous conformer \u00e0 cette obligation. Si vous souhaitez la suppression des donn\u00e9es, qui sont soumises \u00e0 l&rsquo;obligation l\u00e9gale de conservation, les donn\u00e9es seront bloqu\u00e9es dans notre syst\u00e8me et utilis\u00e9es uniquement pour remplir l&rsquo;obligation l\u00e9gale de conservation des donn\u00e9es. Apr\u00e8s l&rsquo;expiration de la p\u00e9riode de conservation, votre demande de suppression sera satisfaite.<\/p>\n<p>Si vos donn\u00e9es personnelles sont trait\u00e9es sur la base d&rsquo;int\u00e9r\u00eats l\u00e9gitimes (voir ci-dessus Champ d&rsquo;application), vous avez le droit de vous opposer au traitement de vos donn\u00e9es personnelles pour des raisons li\u00e9es \u00e0 votre situation particuli\u00e8re ou \u00e0 des fins de publicit\u00e9 directe. Dans ce dernier cas, vous disposez d&rsquo;un droit d&rsquo;opposition g\u00e9n\u00e9ral, qui sera mis en \u0153uvre par nos soins sans indiquer de situation particuli\u00e8re.<\/p>\n<p>En outre, vous avez \u00e9galement la possibilit\u00e9 de recevoir les donn\u00e9es personnelles que vous nous avez fournies ou de demander qu&rsquo;elles soient transf\u00e9r\u00e9es \u00e0 une autre personne responsable. Nous vous prions de nous \u00e9crire \u00e0 cet effet par email \u00e0 admin@swisstastic.ch. En cas de co\u00fbts disproportionn\u00e9s, nous nous r\u00e9servons le droit d&rsquo;exiger que vous nous fournissiez une preuve d&rsquo;identit\u00e9 et que vous payiez les frais effectifs \u00e0 l&rsquo;avance.<\/p>\n<p>&nbsp;<\/p>\n<h2>CONTACT<\/h2>\n<p>Voici nos coordonn\u00e9es:<\/p>\n<p>Swisstastic S\u00e0rl, Auguste-Bachelin 1a, 2074 Marin-Epagnier, Suisse.<\/p>\n<p>admin@swisstastic.ch<\/p>\n<p><a href=\"https:\/\/swisstastic.ch\">https:\/\/swisstastic.ch<\/a><\/p>\n<p>&nbsp;<\/p>\n<h2>MODIFICATION DE CETTE D\u00c9CLARATION DE PROTECTION DES DONN\u00c9ES<\/h2>\n<p>Nous pouvons changer ou modifier cette d\u00e9claration de protection des donn\u00e9es \u00e0 tout moment. La d\u00e9claration actuelle peut \u00eatre consult\u00e9e sur https:\/\/swisstastic.ch\/protection-des-donnees<\/p>\n<p>Marin-Epagnier, le 15 mars 2024<\/p>\n<p>[\/et_pb_text][\/et_pb_column][\/et_pb_row][\/et_pb_section]<\/p>\n","protected":false},"excerpt":{"rendered":"<p>Politique de confidentialit\u00e9 La Soci\u00e9t\u00e9 Swisstastic S\u00e0rl (ci-apr\u00e8s \u00ab la Soci\u00e9t\u00e9 \u00bb), dont le si\u00e8ge social est situ\u00e9 \u00e0 rue du Closel 9, 2074 Marin. Suisse, est la propri\u00e9taire de la marque Swisstastic et l&rsquo;op\u00e9rateur de ce site web, accessible via https:\/\/swisstastic.ch, et le fournisseur des services et\/ou produits offerts et d\u00e9crits sur ce site [&hellip;]<\/p>\n","protected":false},"author":1,"featured_media":0,"parent":0,"menu_order":0,"comment_status":"closed","ping_status":"closed","template":"","meta":{"_et_pb_use_builder":"on","_et_pb_old_content":"","_et_gb_content_width":"","footnotes":""},"class_list":["post-29848","page","type-page","status-publish","hentry"],"yoast_head":"<!-- This site is optimized with the Yoast SEO plugin v27.6 - https:\/\/yoast.com\/product\/yoast-seo-wordpress\/ -->\n<title>Protection des donn\u00e9es - Swisstastic<\/title>\n<meta name=\"robots\" content=\"index, follow, max-snippet:-1, max-image-preview:large, max-video-preview:-1\" \/>\n<link rel=\"canonical\" href=\"https:\/\/swisstastic.ch\/de\/datenschutz\/\" \/>\n<meta property=\"og:locale\" content=\"de_DE\" \/>\n<meta property=\"og:type\" content=\"article\" \/>\n<meta property=\"og:title\" content=\"Protection des donn\u00e9es - Swisstastic\" \/>\n<meta property=\"og:description\" content=\"Politique de confidentialit\u00e9 La Soci\u00e9t\u00e9 Swisstastic S\u00e0rl (ci-apr\u00e8s \u00ab la Soci\u00e9t\u00e9 \u00bb), dont le si\u00e8ge social est situ\u00e9 \u00e0 rue du Closel 9, 2074 Marin. Suisse, est la propri\u00e9taire de la marque Swisstastic et l&#039;op\u00e9rateur de ce site web, accessible via https:\/\/swisstastic.ch, et le fournisseur des services et\/ou produits offerts et d\u00e9crits sur ce site [&hellip;]\" \/>\n<meta property=\"og:url\" content=\"https:\/\/swisstastic.ch\/de\/datenschutz\/\" \/>\n<meta property=\"og:site_name\" content=\"Swisstastic\" \/>\n<meta property=\"article:modified_time\" content=\"2026-05-05T12:58:52+00:00\" \/>\n<meta name=\"twitter:card\" content=\"summary_large_image\" \/>\n<script type=\"application\/ld+json\" class=\"yoast-schema-graph\">{\"@context\":\"https:\\\/\\\/schema.org\",\"@graph\":[{\"@type\":\"WebPage\",\"@id\":\"https:\\\/\\\/swisstastic.ch\\\/protection-des-donnees\\\/\",\"url\":\"https:\\\/\\\/swisstastic.ch\\\/protection-des-donnees\\\/\",\"name\":\"Protection des donn\u00e9es - Swisstastic\",\"isPartOf\":{\"@id\":\"https:\\\/\\\/swisstastic.ch\\\/#website\"},\"datePublished\":\"2024-09-23T15:09:53+00:00\",\"dateModified\":\"2026-05-05T12:58:52+00:00\",\"breadcrumb\":{\"@id\":\"https:\\\/\\\/swisstastic.ch\\\/protection-des-donnees\\\/#breadcrumb\"},\"inLanguage\":\"de-CH\",\"potentialAction\":[{\"@type\":\"ReadAction\",\"target\":[\"https:\\\/\\\/swisstastic.ch\\\/protection-des-donnees\\\/\"]}]},{\"@type\":\"BreadcrumbList\",\"@id\":\"https:\\\/\\\/swisstastic.ch\\\/protection-des-donnees\\\/#breadcrumb\",\"itemListElement\":[{\"@type\":\"ListItem\",\"position\":1,\"name\":\"Accueil\",\"item\":\"https:\\\/\\\/swisstastic.ch\\\/\"},{\"@type\":\"ListItem\",\"position\":2,\"name\":\"Protection des donn\u00e9es\"}]},{\"@type\":\"WebSite\",\"@id\":\"https:\\\/\\\/swisstastic.ch\\\/#website\",\"url\":\"https:\\\/\\\/swisstastic.ch\\\/\",\"name\":\"Swisstastic\",\"description\":\"Posters \u00e0 gratter pour (re)d\u00e9couvrir la Suisse\",\"potentialAction\":[{\"@type\":\"SearchAction\",\"target\":{\"@type\":\"EntryPoint\",\"urlTemplate\":\"https:\\\/\\\/swisstastic.ch\\\/?s={search_term_string}\"},\"query-input\":{\"@type\":\"PropertyValueSpecification\",\"valueRequired\":true,\"valueName\":\"search_term_string\"}}],\"inLanguage\":\"de-CH\"}]}<\/script>\n<!-- \/ Yoast SEO plugin. -->","yoast_head_json":{"title":"Datenschutz - Swisstastic","robots":{"index":"index","follow":"follow","max-snippet":"max-snippet:-1","max-image-preview":"max-image-preview:large","max-video-preview":"max-video-preview:-1"},"canonical":"https:\/\/swisstastic.ch\/de\/datenschutz\/","og_locale":"de_DE","og_type":"article","og_title":"Protection des donn\u00e9es - Swisstastic","og_description":"Politique de confidentialit\u00e9 La Soci\u00e9t\u00e9 Swisstastic S\u00e0rl (ci-apr\u00e8s \u00ab la Soci\u00e9t\u00e9 \u00bb), dont le si\u00e8ge social est situ\u00e9 \u00e0 rue du Closel 9, 2074 Marin. Suisse, est la propri\u00e9taire de la marque Swisstastic et l'op\u00e9rateur de ce site web, accessible via https:\/\/swisstastic.ch, et le fournisseur des services et\/ou produits offerts et d\u00e9crits sur ce site [&hellip;]","og_url":"https:\/\/swisstastic.ch\/de\/datenschutz\/","og_site_name":"Swisstastic","article_modified_time":"2026-05-05T12:58:52+00:00","twitter_card":"summary_large_image","schema":{"@context":"https:\/\/schema.org","@graph":[{"@type":"WebPage","@id":"https:\/\/swisstastic.ch\/protection-des-donnees\/","url":"https:\/\/swisstastic.ch\/protection-des-donnees\/","name":"Datenschutz - Swisstastic","isPartOf":{"@id":"https:\/\/swisstastic.ch\/#website"},"datePublished":"2024-09-23T15:09:53+00:00","dateModified":"2026-05-05T12:58:52+00:00","breadcrumb":{"@id":"https:\/\/swisstastic.ch\/protection-des-donnees\/#breadcrumb"},"inLanguage":"de-CH","potentialAction":[{"@type":"ReadAction","target":["https:\/\/swisstastic.ch\/protection-des-donnees\/"]}]},{"@type":"BreadcrumbList","@id":"https:\/\/swisstastic.ch\/protection-des-donnees\/#breadcrumb","itemListElement":[{"@type":"ListItem","position":1,"name":"Accueil","item":"https:\/\/swisstastic.ch\/"},{"@type":"ListItem","position":2,"name":"Protection des donn\u00e9es"}]},{"@type":"WebSite","@id":"https:\/\/swisstastic.ch\/#website","url":"https:\/\/swisstastic.ch\/","name":"Swisstastic","description":"Rubbelposter zur (Neu-)Entdeckung der Schweiz","potentialAction":[{"@type":"SearchAction","target":{"@type":"EntryPoint","urlTemplate":"https:\/\/swisstastic.ch\/?s={search_term_string}"},"query-input":{"@type":"PropertyValueSpecification","valueRequired":true,"valueName":"search_term_string"}}],"inLanguage":"de-CH"}]}},"jetpack_sharing_enabled":true,"_links":{"self":[{"href":"https:\/\/swisstastic.ch\/de\/wp-json\/wp\/v2\/pages\/29848","targetHints":{"allow":["GET"]}}],"collection":[{"href":"https:\/\/swisstastic.ch\/de\/wp-json\/wp\/v2\/pages"}],"about":[{"href":"https:\/\/swisstastic.ch\/de\/wp-json\/wp\/v2\/types\/page"}],"author":[{"embeddable":true,"href":"https:\/\/swisstastic.ch\/de\/wp-json\/wp\/v2\/users\/1"}],"replies":[{"embeddable":true,"href":"https:\/\/swisstastic.ch\/de\/wp-json\/wp\/v2\/comments?post=29848"}],"version-history":[{"count":7,"href":"https:\/\/swisstastic.ch\/de\/wp-json\/wp\/v2\/pages\/29848\/revisions"}],"predecessor-version":[{"id":32913,"href":"https:\/\/swisstastic.ch\/de\/wp-json\/wp\/v2\/pages\/29848\/revisions\/32913"}],"wp:attachment":[{"href":"https:\/\/swisstastic.ch\/de\/wp-json\/wp\/v2\/media?parent=29848"}],"curies":[{"name":"wp","href":"https:\/\/api.w.org\/{rel}","templated":true}]}}