{"id":28951,"date":"2024-09-10T13:20:48","date_gmt":"2024-09-10T11:20:48","guid":{"rendered":"https:\/\/swisstastic.ch\/?post_type=product&#038;p=28951"},"modified":"2024-10-18T08:22:45","modified_gmt":"2024-10-18T06:22:45","slug":"50-ideen-in-neuchatel-rubbelposter","status":"publish","type":"product","link":"https:\/\/swisstastic.ch\/de\/produit\/50-idees-pour-redecouvrir-neuchatel-affiche-a-gratter\/","title":{"rendered":"50 IDEEN in Neuch\u00e2tel \u2013 Rubbelposter"},"content":{"rendered":"<p><strong>F\u00dcR EINHEIMISCHE UND NACHBARN<\/strong><br \/>\nOb Sie nun aus der Gegend, von nebenan, ein Welscher, ein T\u00fctschwiizer oder alles zusammen sind, tauchen sie in die Br\u00e4uche, Besonderheiten und die Sehensw\u00fcrdigkeiten von Neuenburg ein :<\/p>\n<p>\u2013 Den Spezialit\u00e4ten der Region<br \/>\n\u2013 Die kultigen Ausfl\u00fcge und Aktivit\u00e4ten<br \/>\n\u2013 Museen und Sehensw\u00fcrdigkeiten, die Sie nicht verpassen sollten<br \/>\n\u2013 Die Top-Ereignisse des Neuenburger Kalenders.<\/p>\n<p>=&gt; Rubbeln Sie bei jeder durchgef\u00fchrten Aktivit\u00e4t das entsprechende K\u00e4stchen frei\".<\/p>\n<p><strong>Qualit\u00e4t und Dimensionen<\/strong><br \/>\nFormat A3 (42x29,7cm). Unser Poster werden in der Schweiz gedruckt. In Neuenburg werden sie zuzammengef\u00fcgt und versendet, um eine einwandfreie Qualit\u00e4t zu gew\u00e4hrleisten. Die Poster werden ohne Rahmen verkauft.<\/p>","protected":false},"excerpt":{"rendered":"<p>Uhrenland, Wiege des Absinths, arch\u00e4ologische Hochburg: Neuenburg \u00fcberrascht Touristen - und manchmal sogar seine Einwohner -, die mit Erstaunen den Reichtum (wieder-)entdecken, den der Kanton seinen Besuchern zu bieten hat.<\/p>\n<p><strong>EIN \u00dcBERRASCHENDER KANTON<\/strong><br \/>\nDieses Poster entf\u00fchrt Sie in die vier Ecken von Neuenburg, wo Sie ebenso originelle wie bereichernde Erlebnisse und Abenteuer erleben und eine Kultur voller Geschichte und Lebendigkeit entdecken k\u00f6nnen!<\/p>","protected":false},"featured_media":29945,"comment_status":"open","ping_status":"closed","template":"","meta":{"_et_pb_use_builder":"off","_et_pb_old_content":"POUR LES LOCAUX ET LES VOISINS\r\nQue vous soyez du coin, d\u2019\u00e0 c\u00f4t\u00e9, un welsh, un spouns ou tout \u00e0 la fois, vivez quelques temps au diapason des \u00e9v\u00e8nements et\u00a0coutumes neuch\u00e2teloises\u00a0avec :\r\n\r\n- Les sp\u00e9cialit\u00e9s du terroir\r\n- Les escapades et activit\u00e9s cultes\r\n- Les mus\u00e9es et attractions \u00e0 ne pas manquer\r\n- Les \u00e9vents phares du calendrier neuch\u00e2telois\r\n\r\n=> A chaque activit\u00e9 r\u00e9alis\u00e9e, grattez la case correspondante.","_et_gb_content_width":""},"product_brand":[],"product_cat":[22,25],"product_tag":[],"class_list":{"0":"post-28951","1":"product","2":"type-product","3":"status-publish","4":"has-post-thumbnail","6":"product_cat-affiches-posters","7":"product_cat-idees","9":"first","10":"instock","11":"taxable","12":"shipping-taxable","13":"purchasable","14":"product-type-simple"},"yoast_head":"<!-- This site is optimized with the Yoast SEO plugin v27.4 - https:\/\/yoast.com\/product\/yoast-seo-wordpress\/ -->\n<title>50 ID\u00c9ES \u00e0 Neuch\u00e2tel - Affiche \u00e0 gratter - Swisstastic<\/title>\n<meta name=\"description\" content=\"Pays horloger,\u00a0berceau de l\u2019absinthe, haut-lieu arch\u00e9ologique, Neuch\u00e2tel surprend les touristes et habitants qui (re)d\u00e9couvrent avec surprise sa richesse.\" \/>\n<meta name=\"robots\" content=\"index, follow, max-snippet:-1, max-image-preview:large, max-video-preview:-1\" \/>\n<link rel=\"canonical\" href=\"https:\/\/swisstastic.ch\/de\/produkt\/50-ideen-in-neuchatel-rubbelposter\/\" \/>\n<meta property=\"og:locale\" content=\"de_DE\" \/>\n<meta property=\"og:type\" content=\"article\" \/>\n<meta property=\"og:title\" content=\"50 ID\u00c9ES \u00e0 Neuch\u00e2tel - Affiche \u00e0 gratter - Swisstastic\" \/>\n<meta property=\"og:description\" content=\"Pays horloger,\u00a0berceau de l\u2019absinthe, haut-lieu arch\u00e9ologique, Neuch\u00e2tel surprend les touristes et habitants qui (re)d\u00e9couvrent avec surprise sa richesse.\" \/>\n<meta property=\"og:url\" content=\"https:\/\/swisstastic.ch\/de\/produkt\/50-ideen-in-neuchatel-rubbelposter\/\" \/>\n<meta property=\"og:site_name\" content=\"Swisstastic\" \/>\n<meta property=\"article:modified_time\" content=\"2024-10-18T06:22:45+00:00\" \/>\n<meta property=\"og:image\" content=\"https:\/\/swisstastic.ch\/wp-content\/uploads\/2024\/09\/fe228b_972ac150c51f4035bb6f49e8c29c3720mv2-1.webp\" \/>\n\t<meta property=\"og:image:width\" content=\"750\" \/>\n\t<meta property=\"og:image:height\" content=\"750\" \/>\n\t<meta property=\"og:image:type\" content=\"image\/webp\" \/>\n<meta name=\"twitter:card\" content=\"summary_large_image\" \/>\n<meta name=\"twitter:label1\" content=\"Gesch\u00e4tzte Lesezeit\" \/>\n\t<meta name=\"twitter:data1\" content=\"1\u00a0Minute\" \/>\n<script type=\"application\/ld+json\" class=\"yoast-schema-graph\">{\"@context\":\"https:\\\/\\\/schema.org\",\"@graph\":[{\"@type\":\"WebPage\",\"@id\":\"https:\\\/\\\/swisstastic.ch\\\/produit\\\/50-idees-pour-redecouvrir-neuchatel-affiche-a-gratter\\\/\",\"url\":\"https:\\\/\\\/swisstastic.ch\\\/produit\\\/50-idees-pour-redecouvrir-neuchatel-affiche-a-gratter\\\/\",\"name\":\"50 ID\u00c9ES \u00e0 Neuch\u00e2tel - Affiche \u00e0 gratter - Swisstastic\",\"isPartOf\":{\"@id\":\"https:\\\/\\\/swisstastic.ch\\\/#website\"},\"primaryImageOfPage\":{\"@id\":\"https:\\\/\\\/swisstastic.ch\\\/produit\\\/50-idees-pour-redecouvrir-neuchatel-affiche-a-gratter\\\/#primaryimage\"},\"image\":{\"@id\":\"https:\\\/\\\/swisstastic.ch\\\/produit\\\/50-idees-pour-redecouvrir-neuchatel-affiche-a-gratter\\\/#primaryimage\"},\"thumbnailUrl\":\"https:\\\/\\\/swisstastic.ch\\\/wp-content\\\/uploads\\\/2024\\\/09\\\/fe228b_972ac150c51f4035bb6f49e8c29c3720mv2-1.webp\",\"datePublished\":\"2024-09-10T11:20:48+00:00\",\"dateModified\":\"2024-10-18T06:22:45+00:00\",\"description\":\"Pays horloger,\u00a0berceau de l\u2019absinthe, haut-lieu arch\u00e9ologique, Neuch\u00e2tel surprend les touristes et habitants qui (re)d\u00e9couvrent avec surprise sa richesse.\",\"breadcrumb\":{\"@id\":\"https:\\\/\\\/swisstastic.ch\\\/produit\\\/50-idees-pour-redecouvrir-neuchatel-affiche-a-gratter\\\/#breadcrumb\"},\"inLanguage\":\"de-CH\",\"potentialAction\":[{\"@type\":\"ReadAction\",\"target\":[\"https:\\\/\\\/swisstastic.ch\\\/produit\\\/50-idees-pour-redecouvrir-neuchatel-affiche-a-gratter\\\/\"]}]},{\"@type\":\"ImageObject\",\"inLanguage\":\"de-CH\",\"@id\":\"https:\\\/\\\/swisstastic.ch\\\/produit\\\/50-idees-pour-redecouvrir-neuchatel-affiche-a-gratter\\\/#primaryimage\",\"url\":\"https:\\\/\\\/swisstastic.ch\\\/wp-content\\\/uploads\\\/2024\\\/09\\\/fe228b_972ac150c51f4035bb6f49e8c29c3720mv2-1.webp\",\"contentUrl\":\"https:\\\/\\\/swisstastic.ch\\\/wp-content\\\/uploads\\\/2024\\\/09\\\/fe228b_972ac150c51f4035bb6f49e8c29c3720mv2-1.webp\",\"width\":750,\"height\":750},{\"@type\":\"BreadcrumbList\",\"@id\":\"https:\\\/\\\/swisstastic.ch\\\/produit\\\/50-idees-pour-redecouvrir-neuchatel-affiche-a-gratter\\\/#breadcrumb\",\"itemListElement\":[{\"@type\":\"ListItem\",\"position\":1,\"name\":\"Accueil\",\"item\":\"https:\\\/\\\/swisstastic.ch\\\/\"},{\"@type\":\"ListItem\",\"position\":2,\"name\":\"Boutique\",\"item\":\"https:\\\/\\\/swisstastic.ch\\\/boutique\\\/\"},{\"@type\":\"ListItem\",\"position\":3,\"name\":\"50 ID\u00c9ES \u00e0 Neuch\u00e2tel &#8211; Affiche \u00e0 gratter\"}]},{\"@type\":\"WebSite\",\"@id\":\"https:\\\/\\\/swisstastic.ch\\\/#website\",\"url\":\"https:\\\/\\\/swisstastic.ch\\\/\",\"name\":\"Swisstastic\",\"description\":\"Posters \u00e0 gratter pour (re)d\u00e9couvrir la Suisse\",\"potentialAction\":[{\"@type\":\"SearchAction\",\"target\":{\"@type\":\"EntryPoint\",\"urlTemplate\":\"https:\\\/\\\/swisstastic.ch\\\/?s={search_term_string}\"},\"query-input\":{\"@type\":\"PropertyValueSpecification\",\"valueRequired\":true,\"valueName\":\"search_term_string\"}}],\"inLanguage\":\"de-CH\"}]}<\/script>\n<!-- \/ Yoast SEO plugin. -->","yoast_head_json":{"title":"50 IDEEN in Neuch\u00e2tel - Rubbelposter - Swisstastic","description":"Als Land der Uhrmacherei, Wiege des Absinths und arch\u00e4ologisches Zentrum \u00fcberrascht Neuch\u00e2tel sowohl Touristen als auch Einheimische, die mit \u00dcberraschung seinen Reichtum (wieder)entdecken.","robots":{"index":"index","follow":"follow","max-snippet":"max-snippet:-1","max-image-preview":"max-image-preview:large","max-video-preview":"max-video-preview:-1"},"canonical":"https:\/\/swisstastic.ch\/de\/produkt\/50-ideen-in-neuchatel-rubbelposter\/","og_locale":"de_DE","og_type":"article","og_title":"50 ID\u00c9ES \u00e0 Neuch\u00e2tel - Affiche \u00e0 gratter - Swisstastic","og_description":"Pays horloger,\u00a0berceau de l\u2019absinthe, haut-lieu arch\u00e9ologique, Neuch\u00e2tel surprend les touristes et habitants qui (re)d\u00e9couvrent avec surprise sa richesse.","og_url":"https:\/\/swisstastic.ch\/de\/produkt\/50-ideen-in-neuchatel-rubbelposter\/","og_site_name":"Swisstastic","article_modified_time":"2024-10-18T06:22:45+00:00","og_image":[{"width":750,"height":750,"url":"https:\/\/swisstastic.ch\/wp-content\/uploads\/2024\/09\/fe228b_972ac150c51f4035bb6f49e8c29c3720mv2-1.webp","type":"image\/webp"}],"twitter_card":"summary_large_image","twitter_misc":{"Gesch\u00e4tzte Lesezeit":"1\u00a0Minute"},"schema":{"@context":"https:\/\/schema.org","@graph":[{"@type":"WebPage","@id":"https:\/\/swisstastic.ch\/produit\/50-idees-pour-redecouvrir-neuchatel-affiche-a-gratter\/","url":"https:\/\/swisstastic.ch\/produit\/50-idees-pour-redecouvrir-neuchatel-affiche-a-gratter\/","name":"50 IDEEN in Neuch\u00e2tel - Rubbelposter - Swisstastic","isPartOf":{"@id":"https:\/\/swisstastic.ch\/#website"},"primaryImageOfPage":{"@id":"https:\/\/swisstastic.ch\/produit\/50-idees-pour-redecouvrir-neuchatel-affiche-a-gratter\/#primaryimage"},"image":{"@id":"https:\/\/swisstastic.ch\/produit\/50-idees-pour-redecouvrir-neuchatel-affiche-a-gratter\/#primaryimage"},"thumbnailUrl":"https:\/\/swisstastic.ch\/wp-content\/uploads\/2024\/09\/fe228b_972ac150c51f4035bb6f49e8c29c3720mv2-1.webp","datePublished":"2024-09-10T11:20:48+00:00","dateModified":"2024-10-18T06:22:45+00:00","description":"Als Land der Uhrmacherei, Wiege des Absinths und arch\u00e4ologisches Zentrum \u00fcberrascht Neuch\u00e2tel sowohl Touristen als auch Einheimische, die mit \u00dcberraschung seinen Reichtum (wieder)entdecken.","breadcrumb":{"@id":"https:\/\/swisstastic.ch\/produit\/50-idees-pour-redecouvrir-neuchatel-affiche-a-gratter\/#breadcrumb"},"inLanguage":"de-CH","potentialAction":[{"@type":"ReadAction","target":["https:\/\/swisstastic.ch\/produit\/50-idees-pour-redecouvrir-neuchatel-affiche-a-gratter\/"]}]},{"@type":"ImageObject","inLanguage":"de-CH","@id":"https:\/\/swisstastic.ch\/produit\/50-idees-pour-redecouvrir-neuchatel-affiche-a-gratter\/#primaryimage","url":"https:\/\/swisstastic.ch\/wp-content\/uploads\/2024\/09\/fe228b_972ac150c51f4035bb6f49e8c29c3720mv2-1.webp","contentUrl":"https:\/\/swisstastic.ch\/wp-content\/uploads\/2024\/09\/fe228b_972ac150c51f4035bb6f49e8c29c3720mv2-1.webp","width":750,"height":750},{"@type":"BreadcrumbList","@id":"https:\/\/swisstastic.ch\/produit\/50-idees-pour-redecouvrir-neuchatel-affiche-a-gratter\/#breadcrumb","itemListElement":[{"@type":"ListItem","position":1,"name":"Accueil","item":"https:\/\/swisstastic.ch\/"},{"@type":"ListItem","position":2,"name":"Boutique","item":"https:\/\/swisstastic.ch\/boutique\/"},{"@type":"ListItem","position":3,"name":"50 ID\u00c9ES \u00e0 Neuch\u00e2tel &#8211; Affiche \u00e0 gratter"}]},{"@type":"WebSite","@id":"https:\/\/swisstastic.ch\/#website","url":"https:\/\/swisstastic.ch\/","name":"Swisstastic","description":"Rubbelposter zur (Neu-)Entdeckung der Schweiz","potentialAction":[{"@type":"SearchAction","target":{"@type":"EntryPoint","urlTemplate":"https:\/\/swisstastic.ch\/?s={search_term_string}"},"query-input":{"@type":"PropertyValueSpecification","valueRequired":true,"valueName":"search_term_string"}}],"inLanguage":"de-CH"}]}},"jetpack_sharing_enabled":true,"_links":{"self":[{"href":"https:\/\/swisstastic.ch\/de\/wp-json\/wp\/v2\/product\/28951","targetHints":{"allow":["GET"]}}],"collection":[{"href":"https:\/\/swisstastic.ch\/de\/wp-json\/wp\/v2\/product"}],"about":[{"href":"https:\/\/swisstastic.ch\/de\/wp-json\/wp\/v2\/types\/product"}],"replies":[{"embeddable":true,"href":"https:\/\/swisstastic.ch\/de\/wp-json\/wp\/v2\/comments?post=28951"}],"wp:featuredmedia":[{"embeddable":true,"href":"https:\/\/swisstastic.ch\/de\/wp-json\/wp\/v2\/media\/29945"}],"wp:attachment":[{"href":"https:\/\/swisstastic.ch\/de\/wp-json\/wp\/v2\/media?parent=28951"}],"wp:term":[{"taxonomy":"product_brand","embeddable":true,"href":"https:\/\/swisstastic.ch\/de\/wp-json\/wp\/v2\/product_brand?post=28951"},{"taxonomy":"product_cat","embeddable":true,"href":"https:\/\/swisstastic.ch\/de\/wp-json\/wp\/v2\/product_cat?post=28951"},{"taxonomy":"product_tag","embeddable":true,"href":"https:\/\/swisstastic.ch\/de\/wp-json\/wp\/v2\/product_tag?post=28951"}],"curies":[{"name":"wp","href":"https:\/\/api.w.org\/{rel}","templated":true}]}}