{"id":32845,"date":"2026-04-08T15:51:03","date_gmt":"2026-04-08T13:51:03","guid":{"rendered":"https:\/\/swisstastic.ch\/?post_type=product&#038;p=32845"},"modified":"2026-04-08T16:04:19","modified_gmt":"2026-04-08T14:04:19","slug":"swiss-travel-map","status":"publish","type":"product","link":"https:\/\/swisstastic.ch\/de\/produit\/swiss-travel-map\/","title":{"rendered":"Swiss Travel Map \u2013 Rubbelkarte der Schweiz"},"content":{"rendered":"<p>[et_pb_section fb_built=\u00a0\u00bb1&Prime; _builder_version=\u00a0\u00bb4.16&Prime; custom_padding=\u00a0\u00bb0px||||false|false\u00a0\u00bb da_disable_devices=\u00a0\u00bboff|off|off\u00a0\u00bb global_colors_info=\u00a0\u00bb{}\u00a0\u00bb da_is_popup=\u00a0\u00bboff\u00a0\u00bb da_exit_intent=\u00a0\u00bboff\u00a0\u00bb da_has_close=\u00a0\u00bbon\u00a0\u00bb da_alt_close=\u00a0\u00bboff\u00a0\u00bb da_dark_close=\u00a0\u00bboff\u00a0\u00bb da_not_modal=\u00a0\u00bbon\u00a0\u00bb da_is_singular=\u00a0\u00bboff\u00a0\u00bb da_with_loader=\u00a0\u00bboff\u00a0\u00bb da_has_shadow=\u00a0\u00bbon\u00a0\u00bb][et_pb_row _builder_version=\u00a0\u00bb4.16&Prime; background_size=\u00a0\u00bbinitial\u00a0\u00bb background_position=\u00a0\u00bbtop_left\u00a0\u00bb background_repeat=\u00a0\u00bbrepeat\u00a0\u00bb width=\u00a0\u00bb100%\u00a0\u00bb custom_padding=\u00a0\u00bb0px||0px||false|false\u00a0\u00bb global_colors_info=\u00a0\u00bb{}\u00a0\u00bb][et_pb_column type=\u00a0\u00bb4_4&Prime; _builder_version=\u00a0\u00bb4.16&Prime; custom_padding=\u00a0\u00bb|||\u00a0\u00bb global_colors_info=\u00a0\u00bb{}\u00a0\u00bb custom_padding__hover=\u00a0\u00bb|||\u00a0\u00bb][et_pb_wc_breadcrumb _builder_version=\u00a0\u00bb4.16&Prime; global_colors_info=\u00a0\u00bb{}\u00a0\u00bb][\/et_pb_wc_breadcrumb][et_pb_wc_cart_notice _builder_version=\u00a0\u00bb4.16&Prime; global_colors_info=\u00a0\u00bb{}\u00a0\u00bb][\/et_pb_wc_cart_notice][\/et_pb_column][\/et_pb_row][et_pb_row column_structure=\u00a0\u00bb1_2,1_2&Prime; _builder_version=\u00a0\u00bb4.16&Prime; background_size=\u00a0\u00bbinitial\u00a0\u00bb background_position=\u00a0\u00bbtop_left\u00a0\u00bb background_repeat=\u00a0\u00bbrepeat\u00a0\u00bb width=\u00a0\u00bb100%\u00a0\u00bb custom_padding=\u00a0\u00bb0px||||false|false\u00a0\u00bb global_colors_info=\u00a0\u00bb{}\u00a0\u00bb][et_pb_column type=\u00a0\u00bb1_2&Prime; _builder_version=\u00a0\u00bb4.16&Prime; custom_padding=\u00a0\u00bb|||\u00a0\u00bb global_colors_info=\u00a0\u00bb{}\u00a0\u00bb custom_padding__hover=\u00a0\u00bb|||\u00a0\u00bb][et_pb_wc_images _builder_version=\u00a0\u00bb4.27.2&Prime; border_radii=\u00a0\u00bbon|25px|25px|25px|25px\u00a0\u00bb global_colors_info=\u00a0\u00bb{}\u00a0\u00bb][\/et_pb_wc_images][\/et_pb_column][et_pb_column type=\u00a0\u00bb1_2&Prime; _builder_version=\u00a0\u00bb4.16&Prime; custom_padding=\u00a0\u00bb|||\u00a0\u00bb global_colors_info=\u00a0\u00bb{}\u00a0\u00bb custom_padding__hover=\u00a0\u00bb|||\u00a0\u00bb][et_pb_wc_title _builder_version=\u00a0\u00bb4.16&Prime; global_colors_info=\u00a0\u00bb{}\u00a0\u00bb][\/et_pb_wc_title][et_pb_wc_rating _builder_version=\u00a0\u00bb4.16&Prime; global_colors_info=\u00a0\u00bb{}\u00a0\u00bb][\/et_pb_wc_rating][et_pb_wc_price _builder_version=\u00a0\u00bb4.27.2&Prime; before_sale_price_text_color=\u00a0\u00bb#E02B20&Prime; sale_price_text_color=\u00a0\u00bb#000000&Prime; global_colors_info=\u00a0\u00bb{}\u00a0\u00bb][\/et_pb_wc_price][et_pb_wc_description _builder_version=\u00a0\u00bb4.16&Prime; global_colors_info=\u00a0\u00bb{}\u00a0\u00bb][\/et_pb_wc_description][et_pb_wc_add_to_cart _builder_version=\u00a0\u00bb4.16&Prime; global_colors_info=\u00a0\u00bb{}\u00a0\u00bb][\/et_pb_wc_add_to_cart][et_pb_wc_meta _builder_version=\u00a0\u00bb4.16&Prime; global_colors_info=\u00a0\u00bb{}\u00a0\u00bb][\/et_pb_wc_meta][\/et_pb_column][\/et_pb_row][et_pb_row _builder_version=\u00a0\u00bb4.16&Prime; background_size=\u00a0\u00bbinitial\u00a0\u00bb background_position=\u00a0\u00bbtop_left\u00a0\u00bb background_repeat=\u00a0\u00bbrepeat\u00a0\u00bb width=\u00a0\u00bb100%\u00a0\u00bb global_colors_info=\u00a0\u00bb{}\u00a0\u00bb][et_pb_column type=\u00a0\u00bb4_4&Prime; _builder_version=\u00a0\u00bb4.16&Prime; custom_padding=\u00a0\u00bb|||\u00a0\u00bb global_colors_info=\u00a0\u00bb{}\u00a0\u00bb custom_padding__hover=\u00a0\u00bb|||\u00a0\u00bb][et_pb_wc_tabs _builder_version=\u00a0\u00bb4.16&Prime; global_colors_info=\u00a0\u00bb{}\u00a0\u00bb]\t\t\t\t\t[\/et_pb_wc_tabs][et_pb_wc_upsells _builder_version=\u00a0\u00bb4.16&Prime; global_colors_info=\u00a0\u00bb{}\u00a0\u00bb][\/et_pb_wc_upsells][et_pb_wc_related_products _builder_version=\u00a0\u00bb4.16&Prime; global_colors_info=\u00a0\u00bb{}\u00a0\u00bb][\/et_pb_wc_related_products][\/et_pb_column][\/et_pb_row][\/et_pb_section]<\/p>\n","protected":false},"excerpt":{"rendered":"<p>Die Rubbelkarte der Schweiz l\u00e4dt Sie ein, Ihr Land neu zu entdecken. Besuchen Sie die 26 Kantone, erkunden Sie 26 einzigartige Orte, probieren Sie 26 lokale Spezialit\u00e4ten und erleben Sie 10 Schweizer Traditionen.<\/p>\n<p>Das Prinzip ist einfach: Besuchen Sie einen Kanton, erkunden Sie seine Sehensw\u00fcrdigkeiten und kosten Sie seine Spezialit\u00e4ten. Anschliessend kratzen Sie die entsprechenden Felder und Bereiche auf der Karte frei, um die Farbe sichtbar zu machen. Und schon wird die Karte zu Ihrem Armaturenbrett der Schweiz und erm\u00f6glicht es Ihnen, Ihren Fortschritt im Laufe Ihrer Reisen zu verfolgen.<\/p>\n<p>Sind Sie bereit, die Herausforderung anzunehmen?<\/p>\n<p><strong>Das ideale Geschenk f\u00fcr Reisende und Schweizfans! <\/strong><\/p>","protected":false},"featured_media":32846,"comment_status":"open","ping_status":"closed","template":"","meta":{"_et_pb_use_builder":"on","_et_pb_old_content":"","_et_gb_content_width":""},"product_brand":[],"product_cat":[21],"product_tag":[],"class_list":{"0":"post-32845","1":"product","2":"type-product","3":"status-publish","4":"has-post-thumbnail","6":"product_cat-cartes-a-gratter","8":"first","9":"instock","10":"taxable","11":"shipping-taxable","12":"purchasable","13":"product-type-simple"},"yoast_head":"<!-- This site is optimized with the Yoast SEO plugin v27.4 - https:\/\/yoast.com\/product\/yoast-seo-wordpress\/ -->\n<title>Swiss Travel Map \u2013 Carte \u00e0 gratter des voyages en Suisse - Swisstastic<\/title>\n<meta name=\"description\" content=\"On voyage facilement \u00e0 l\u2019autre bout du globe, alors qu\u2019on n\u2019a encore jamais mis les pieds en Appenzell, au Tessin ou dans le Jura. La carte \u00e0 gratter de la Suisse vous invite \u00e0 (re)d\u00e9couvrir notre pays.\" \/>\n<meta name=\"robots\" content=\"index, follow, max-snippet:-1, max-image-preview:large, max-video-preview:-1\" \/>\n<link rel=\"canonical\" href=\"https:\/\/swisstastic.ch\/de\/produkt\/swiss-travel-map\/\" \/>\n<meta property=\"og:locale\" content=\"de_DE\" \/>\n<meta property=\"og:type\" content=\"article\" \/>\n<meta property=\"og:title\" content=\"Swiss Travel Map \u2013 Carte \u00e0 gratter des voyages en Suisse - Swisstastic\" \/>\n<meta property=\"og:description\" content=\"On voyage facilement \u00e0 l\u2019autre bout du globe, alors qu\u2019on n\u2019a encore jamais mis les pieds en Appenzell, au Tessin ou dans le Jura. La carte \u00e0 gratter de la Suisse vous invite \u00e0 (re)d\u00e9couvrir notre pays.\" \/>\n<meta property=\"og:url\" content=\"https:\/\/swisstastic.ch\/de\/produkt\/swiss-travel-map\/\" \/>\n<meta property=\"og:site_name\" content=\"Swisstastic\" \/>\n<meta property=\"article:modified_time\" content=\"2026-04-08T14:04:19+00:00\" \/>\n<meta property=\"og:image\" content=\"https:\/\/swisstastic.ch\/wp-content\/uploads\/2026\/04\/Swiss-Travel-Map-Design-010426-scaled.jpg\" \/>\n\t<meta property=\"og:image:width\" content=\"2880\" \/>\n\t<meta property=\"og:image:height\" content=\"2055\" \/>\n\t<meta property=\"og:image:type\" content=\"image\/jpeg\" \/>\n<meta name=\"twitter:card\" content=\"summary_large_image\" \/>\n<meta name=\"twitter:label1\" content=\"Gesch\u00e4tzte Lesezeit\" \/>\n\t<meta name=\"twitter:data1\" content=\"2\u00a0Minuten\" \/>\n<script type=\"application\/ld+json\" class=\"yoast-schema-graph\">{\"@context\":\"https:\\\/\\\/schema.org\",\"@graph\":[{\"@type\":\"WebPage\",\"@id\":\"https:\\\/\\\/swisstastic.ch\\\/produit\\\/swiss-travel-map\\\/\",\"url\":\"https:\\\/\\\/swisstastic.ch\\\/produit\\\/swiss-travel-map\\\/\",\"name\":\"Swiss Travel Map \u2013 Carte \u00e0 gratter des voyages en Suisse - Swisstastic\",\"isPartOf\":{\"@id\":\"https:\\\/\\\/swisstastic.ch\\\/#website\"},\"primaryImageOfPage\":{\"@id\":\"https:\\\/\\\/swisstastic.ch\\\/produit\\\/swiss-travel-map\\\/#primaryimage\"},\"image\":{\"@id\":\"https:\\\/\\\/swisstastic.ch\\\/produit\\\/swiss-travel-map\\\/#primaryimage\"},\"thumbnailUrl\":\"https:\\\/\\\/swisstastic.ch\\\/wp-content\\\/uploads\\\/2026\\\/04\\\/Swiss-Travel-Map-Design-010426-scaled.jpg\",\"datePublished\":\"2026-04-08T13:51:03+00:00\",\"dateModified\":\"2026-04-08T14:04:19+00:00\",\"description\":\"On voyage facilement \u00e0 l\u2019autre bout du globe, alors qu\u2019on n\u2019a encore jamais mis les pieds en Appenzell, au Tessin ou dans le Jura. La carte \u00e0 gratter de la Suisse vous invite \u00e0 (re)d\u00e9couvrir notre pays.\",\"breadcrumb\":{\"@id\":\"https:\\\/\\\/swisstastic.ch\\\/produit\\\/swiss-travel-map\\\/#breadcrumb\"},\"inLanguage\":\"de-CH\",\"potentialAction\":[{\"@type\":\"ReadAction\",\"target\":[\"https:\\\/\\\/swisstastic.ch\\\/produit\\\/swiss-travel-map\\\/\"]}]},{\"@type\":\"ImageObject\",\"inLanguage\":\"de-CH\",\"@id\":\"https:\\\/\\\/swisstastic.ch\\\/produit\\\/swiss-travel-map\\\/#primaryimage\",\"url\":\"https:\\\/\\\/swisstastic.ch\\\/wp-content\\\/uploads\\\/2026\\\/04\\\/Swiss-Travel-Map-Design-010426-scaled.jpg\",\"contentUrl\":\"https:\\\/\\\/swisstastic.ch\\\/wp-content\\\/uploads\\\/2026\\\/04\\\/Swiss-Travel-Map-Design-010426-scaled.jpg\",\"width\":2880,\"height\":2055},{\"@type\":\"BreadcrumbList\",\"@id\":\"https:\\\/\\\/swisstastic.ch\\\/produit\\\/swiss-travel-map\\\/#breadcrumb\",\"itemListElement\":[{\"@type\":\"ListItem\",\"position\":1,\"name\":\"Accueil\",\"item\":\"https:\\\/\\\/swisstastic.ch\\\/\"},{\"@type\":\"ListItem\",\"position\":2,\"name\":\"Boutique\",\"item\":\"https:\\\/\\\/swisstastic.ch\\\/boutique\\\/\"},{\"@type\":\"ListItem\",\"position\":3,\"name\":\"Swiss Travel Map \u2013 Carte \u00e0 gratter des voyages en Suisse\"}]},{\"@type\":\"WebSite\",\"@id\":\"https:\\\/\\\/swisstastic.ch\\\/#website\",\"url\":\"https:\\\/\\\/swisstastic.ch\\\/\",\"name\":\"Swisstastic\",\"description\":\"Posters \u00e0 gratter pour (re)d\u00e9couvrir la Suisse\",\"potentialAction\":[{\"@type\":\"SearchAction\",\"target\":{\"@type\":\"EntryPoint\",\"urlTemplate\":\"https:\\\/\\\/swisstastic.ch\\\/?s={search_term_string}\"},\"query-input\":{\"@type\":\"PropertyValueSpecification\",\"valueRequired\":true,\"valueName\":\"search_term_string\"}}],\"inLanguage\":\"de-CH\"}]}<\/script>\n<!-- \/ Yoast SEO plugin. -->","yoast_head_json":{"title":"Swiss Travel Map \u2013 Carte \u00e0 gratter des voyages en Suisse - Swisstastic","description":"Man reist oft ans andere andere Ende der Welt, ohne jemals in Appenzell, im Tessin oder im Jura gewesen zu sein! Die Rubbelkarte der Schweiz l\u00e4dt Sie ein, Ihr Land (wieder) zu entdecken.","robots":{"index":"index","follow":"follow","max-snippet":"max-snippet:-1","max-image-preview":"max-image-preview:large","max-video-preview":"max-video-preview:-1"},"canonical":"https:\/\/swisstastic.ch\/de\/produkt\/swiss-travel-map\/","og_locale":"de_DE","og_type":"article","og_title":"Swiss Travel Map \u2013 Carte \u00e0 gratter des voyages en Suisse - Swisstastic","og_description":"On voyage facilement \u00e0 l\u2019autre bout du globe, alors qu\u2019on n\u2019a encore jamais mis les pieds en Appenzell, au Tessin ou dans le Jura. La carte \u00e0 gratter de la Suisse vous invite \u00e0 (re)d\u00e9couvrir notre pays.","og_url":"https:\/\/swisstastic.ch\/de\/produkt\/swiss-travel-map\/","og_site_name":"Swisstastic","article_modified_time":"2026-04-08T14:04:19+00:00","og_image":[{"width":2880,"height":2055,"url":"https:\/\/swisstastic.ch\/wp-content\/uploads\/2026\/04\/Swiss-Travel-Map-Design-010426-scaled.jpg","type":"image\/jpeg"}],"twitter_card":"summary_large_image","twitter_misc":{"Gesch\u00e4tzte Lesezeit":"2\u00a0Minuten"},"schema":{"@context":"https:\/\/schema.org","@graph":[{"@type":"WebPage","@id":"https:\/\/swisstastic.ch\/produit\/swiss-travel-map\/","url":"https:\/\/swisstastic.ch\/produit\/swiss-travel-map\/","name":"Swiss Travel Map \u2013 Carte \u00e0 gratter des voyages en Suisse - Swisstastic","isPartOf":{"@id":"https:\/\/swisstastic.ch\/#website"},"primaryImageOfPage":{"@id":"https:\/\/swisstastic.ch\/produit\/swiss-travel-map\/#primaryimage"},"image":{"@id":"https:\/\/swisstastic.ch\/produit\/swiss-travel-map\/#primaryimage"},"thumbnailUrl":"https:\/\/swisstastic.ch\/wp-content\/uploads\/2026\/04\/Swiss-Travel-Map-Design-010426-scaled.jpg","datePublished":"2026-04-08T13:51:03+00:00","dateModified":"2026-04-08T14:04:19+00:00","description":"Man reist oft ans andere andere Ende der Welt, ohne jemals in Appenzell, im Tessin oder im Jura gewesen zu sein! Die Rubbelkarte der Schweiz l\u00e4dt Sie ein, Ihr Land (wieder) zu entdecken.","breadcrumb":{"@id":"https:\/\/swisstastic.ch\/produit\/swiss-travel-map\/#breadcrumb"},"inLanguage":"de-CH","potentialAction":[{"@type":"ReadAction","target":["https:\/\/swisstastic.ch\/produit\/swiss-travel-map\/"]}]},{"@type":"ImageObject","inLanguage":"de-CH","@id":"https:\/\/swisstastic.ch\/produit\/swiss-travel-map\/#primaryimage","url":"https:\/\/swisstastic.ch\/wp-content\/uploads\/2026\/04\/Swiss-Travel-Map-Design-010426-scaled.jpg","contentUrl":"https:\/\/swisstastic.ch\/wp-content\/uploads\/2026\/04\/Swiss-Travel-Map-Design-010426-scaled.jpg","width":2880,"height":2055},{"@type":"BreadcrumbList","@id":"https:\/\/swisstastic.ch\/produit\/swiss-travel-map\/#breadcrumb","itemListElement":[{"@type":"ListItem","position":1,"name":"Accueil","item":"https:\/\/swisstastic.ch\/"},{"@type":"ListItem","position":2,"name":"Boutique","item":"https:\/\/swisstastic.ch\/boutique\/"},{"@type":"ListItem","position":3,"name":"Swiss Travel Map \u2013 Carte \u00e0 gratter des voyages en Suisse"}]},{"@type":"WebSite","@id":"https:\/\/swisstastic.ch\/#website","url":"https:\/\/swisstastic.ch\/","name":"Swisstastic","description":"Rubbelposter zur (Neu-)Entdeckung der Schweiz","potentialAction":[{"@type":"SearchAction","target":{"@type":"EntryPoint","urlTemplate":"https:\/\/swisstastic.ch\/?s={search_term_string}"},"query-input":{"@type":"PropertyValueSpecification","valueRequired":true,"valueName":"search_term_string"}}],"inLanguage":"de-CH"}]}},"jetpack_sharing_enabled":true,"_links":{"self":[{"href":"https:\/\/swisstastic.ch\/de\/wp-json\/wp\/v2\/product\/32845","targetHints":{"allow":["GET"]}}],"collection":[{"href":"https:\/\/swisstastic.ch\/de\/wp-json\/wp\/v2\/product"}],"about":[{"href":"https:\/\/swisstastic.ch\/de\/wp-json\/wp\/v2\/types\/product"}],"replies":[{"embeddable":true,"href":"https:\/\/swisstastic.ch\/de\/wp-json\/wp\/v2\/comments?post=32845"}],"wp:featuredmedia":[{"embeddable":true,"href":"https:\/\/swisstastic.ch\/de\/wp-json\/wp\/v2\/media\/32846"}],"wp:attachment":[{"href":"https:\/\/swisstastic.ch\/de\/wp-json\/wp\/v2\/media?parent=32845"}],"wp:term":[{"taxonomy":"product_brand","embeddable":true,"href":"https:\/\/swisstastic.ch\/de\/wp-json\/wp\/v2\/product_brand?post=32845"},{"taxonomy":"product_cat","embeddable":true,"href":"https:\/\/swisstastic.ch\/de\/wp-json\/wp\/v2\/product_cat?post=32845"},{"taxonomy":"product_tag","embeddable":true,"href":"https:\/\/swisstastic.ch\/de\/wp-json\/wp\/v2\/product_tag?post=32845"}],"curies":[{"name":"wp","href":"https:\/\/api.w.org\/{rel}","templated":true}]}}